{"id":1051,"date":"2024-08-19T10:45:21","date_gmt":"2024-08-19T10:45:21","guid":{"rendered":"https:\/\/www.asalsofa.com\/?post_type=product&#038;p=1051"},"modified":"2026-02-23T06:27:44","modified_gmt":"2026-02-23T06:27:44","slug":"boss-koltuk-takimi","status":"publish","type":"product","link":"https:\/\/www.asalsofa.com\/index.php\/product\/boss-koltuk-takimi\/","title":{"rendered":"BOSS 3+3+1 KOLTUK TAKIMI"},"content":{"rendered":"","protected":false},"excerpt":{"rendered":"<h4><strong>\u00d6L\u00c7\u00dcLER;<br \/>\n<\/strong><\/h4>\n<table style=\"height: 119px;\" border=\"1\" width=\"431\" cellspacing=\"1\" cellpadding=\"1\">\n<tbody>\n<tr>\n<td><strong>MOD\u00dcLLER<\/strong><\/td>\n<td><strong>GEN\u0130\u015eL\u0130K<\/strong><\/td>\n<td><strong>DER\u0130NL\u0130K<\/strong><\/td>\n<td><strong>Y\u00dcKSEKL\u0130K<\/strong><\/td>\n<\/tr>\n<tr>\n<td>\u00dc\u00c7L\u00dc KOLTUK<\/td>\n<td>222 cm<\/td>\n<td>90 cm<\/td>\n<td>75 cm<\/td>\n<\/tr>\n<tr>\n<td>\u00dc\u00c7L\u00dc KOLTUK<\/td>\n<td>222 cm<\/td>\n<td>90 cm<\/td>\n<td>75 cm<\/td>\n<\/tr>\n<tr>\n<td>BERJER<\/td>\n<td>70 cm<\/td>\n<td>75 cm<\/td>\n<td>85 cm<\/td>\n<\/tr>\n<\/tbody>\n<\/table>\n<h4><strong>BOSS KOLTUK TAKIMI \u2013 <\/strong><strong>\u0130NEG\u00d6L MOB\u0130LYASI\u00a0<\/strong><\/h4>\n<table class=\"table\">\n<tbody id=\"producttables\" class=\"desctab\">\n<tr>\n<td><strong>Tak\u0131m \u0130\u00e7eri\u011fi<\/strong><\/td>\n<td>-2adet \u00dc\u00e7l\u00fc Koltuk \/\/ \u2013 1 adet Berjer<\/td>\n<\/tr>\n<tr>\n<td><b>\u0130skelet Malzemesi<\/b><\/td>\n<td>F\u0131r\u0131nlanm\u0131\u015f g\u00fcrgen a\u011fac\u0131<\/td>\n<\/tr>\n<tr>\n<td><b>Yatak \u00d6zelli\u011fi<\/b><\/td>\n<td>Yatak olabiliyor<\/td>\n<\/tr>\n<tr>\n<td><b>Oturum Yumu\u015fakl\u0131\u011f\u0131<\/b><\/td>\n<td>Soft<\/td>\n<\/tr>\n<tr>\n<td><b>Kuma\u015f \u00d6zelli\u011fi<\/b><\/td>\n<td>Nubuk kuma\u015f<\/td>\n<\/tr>\n<tr>\n<td><strong>\u00d6zel \u00d6l\u00e7\u00fc<\/strong><\/td>\n<td>\u00d6zel \u00d6l\u00e7\u00fc yap\u0131lmamaktad\u0131r<\/td>\n<\/tr>\n<tr>\n<td><strong>Garanti S\u00fcresi<\/strong><\/td>\n<td>2 Y\u0131l<\/td>\n<\/tr>\n<tr>\n<td><strong>Teslimat<\/strong><\/td>\n<td>Teslimat s\u00fcresi 25-30 g\u00fcnd\u00fcr.<\/td>\n<\/tr>\n<tr>\n<td><strong>Teslimat<\/strong><\/td>\n<td>Ta\u015f\u0131ma ve kurulum i\u015flemi alan\u0131nda uzman ekibimiz taraf\u0131ndan yap\u0131lmaktad\u0131r<\/td>\n<\/tr>\n<tr>\n<td><strong>Detaylar i\u00e7in;<\/strong><\/td>\n<td>0505 409 27 25 numaral\u0131 WhatsApp ve M\u00fc\u015fteri destek hatt\u0131m\u0131zdan bizlere ula\u015fabilirsiniz<\/td>\n<\/tr>\n<\/tbody>\n<\/table>\n","protected":false},"featured_media":1052,"comment_status":"open","ping_status":"closed","template":"","meta":[],"product_cat":[24,71],"product_tag":[],"class_list":{"0":"post-1051","1":"product","2":"type-product","3":"status-publish","4":"has-post-thumbnail","6":"product_cat-koltuk-takimlari","7":"product_cat-modern-koltuk-takimlari","9":"first","10":"instock","11":"shipping-taxable","12":"product-type-simple"},"yoast_head":"<!-- This site is optimized with the Yoast SEO plugin v23.9 - https:\/\/yoast.com\/wordpress\/plugins\/seo\/ -->\n<title>BOSS 3+3+1 KOLTUK TAKIMI - ASAL SOFA<\/title>\n<meta name=\"robots\" content=\"index, follow, max-snippet:-1, max-image-preview:large, max-video-preview:-1\" \/>\n<link rel=\"canonical\" href=\"https:\/\/www.asalsofa.com\/index.php\/product\/boss-koltuk-takimi\/\" \/>\n<meta property=\"og:locale\" content=\"tr_TR\" \/>\n<meta property=\"og:type\" content=\"article\" \/>\n<meta property=\"og:title\" content=\"BOSS 3+3+1 KOLTUK TAKIMI - ASAL SOFA\" \/>\n<meta property=\"og:description\" content=\"\u00d6L\u00c7\u00dcLER;     MOD\u00dcLLER GEN\u0130\u015eL\u0130K DER\u0130NL\u0130K Y\u00dcKSEKL\u0130K   \u00dc\u00c7L\u00dc KOLTUK 222 cm 90 cm 75 cm   \u00dc\u00c7L\u00dc KOLTUK 222 cm 90 cm 75 cm   BERJER 70 cm 75 cm 85 cm    BOSS KOLTUK TAKIMI \u2013 \u0130NEG\u00d6L MOB\u0130LYASI\u00a0    Tak\u0131m \u0130\u00e7eri\u011fi -2adet \u00dc\u00e7l\u00fc Koltuk \/\/ \u2013 1 adet Berjer   \u0130skelet Malzemesi F\u0131r\u0131nlanm\u0131\u015f g\u00fcrgen a\u011fac\u0131   Yatak \u00d6zelli\u011fi Yatak olabiliyor   Oturum Yumu\u015fakl\u0131\u011f\u0131 Soft   Kuma\u015f \u00d6zelli\u011fi Nubuk kuma\u015f   \u00d6zel \u00d6l\u00e7\u00fc \u00d6zel \u00d6l\u00e7\u00fc yap\u0131lmamaktad\u0131r   Garanti S\u00fcresi 2 Y\u0131l   Teslimat Teslimat s\u00fcresi 25-30 g\u00fcnd\u00fcr.   Teslimat Ta\u015f\u0131ma ve kurulum i\u015flemi alan\u0131nda uzman ekibimiz taraf\u0131ndan yap\u0131lmaktad\u0131r   Detaylar i\u00e7in; 0505 409 27 25 numaral\u0131 WhatsApp ve M\u00fc\u015fteri destek hatt\u0131m\u0131zdan bizlere ula\u015fabilirsiniz\" \/>\n<meta property=\"og:url\" content=\"https:\/\/www.asalsofa.com\/index.php\/product\/boss-koltuk-takimi\/\" \/>\n<meta property=\"og:site_name\" content=\"ASAL SOFA\" \/>\n<meta property=\"article:modified_time\" content=\"2026-02-23T06:27:44+00:00\" \/>\n<meta property=\"og:image\" content=\"https:\/\/www.asalsofa.com\/wp-content\/uploads\/2024\/08\/BOSS-KOLTUK-TAKIMI-1-1024x683.jpg\" \/>\n\t<meta property=\"og:image:width\" content=\"1024\" \/>\n\t<meta property=\"og:image:height\" content=\"683\" \/>\n\t<meta property=\"og:image:type\" content=\"image\/jpeg\" \/>\n<meta name=\"twitter:card\" content=\"summary_large_image\" \/>\n<meta name=\"twitter:label1\" content=\"Tahmini okuma s\u00fcresi\" \/>\n\t<meta name=\"twitter:data1\" content=\"1 dakika\" \/>\n<script type=\"application\/ld+json\" class=\"yoast-schema-graph\">{\"@context\":\"https:\/\/schema.org\",\"@graph\":[{\"@type\":\"WebPage\",\"@id\":\"https:\/\/www.asalsofa.com\/index.php\/product\/boss-koltuk-takimi\/\",\"url\":\"https:\/\/www.asalsofa.com\/index.php\/product\/boss-koltuk-takimi\/\",\"name\":\"BOSS 3+3+1 KOLTUK TAKIMI - ASAL SOFA\",\"isPartOf\":{\"@id\":\"https:\/\/www.asalsofa.com\/#website\"},\"primaryImageOfPage\":{\"@id\":\"https:\/\/www.asalsofa.com\/index.php\/product\/boss-koltuk-takimi\/#primaryimage\"},\"image\":{\"@id\":\"https:\/\/www.asalsofa.com\/index.php\/product\/boss-koltuk-takimi\/#primaryimage\"},\"thumbnailUrl\":\"https:\/\/www.asalsofa.com\/wp-content\/uploads\/2024\/08\/BOSS-KOLTUK-TAKIMI-1.jpg\",\"datePublished\":\"2024-08-19T10:45:21+00:00\",\"dateModified\":\"2026-02-23T06:27:44+00:00\",\"breadcrumb\":{\"@id\":\"https:\/\/www.asalsofa.com\/index.php\/product\/boss-koltuk-takimi\/#breadcrumb\"},\"inLanguage\":\"tr\",\"potentialAction\":[{\"@type\":\"ReadAction\",\"target\":[\"https:\/\/www.asalsofa.com\/index.php\/product\/boss-koltuk-takimi\/\"]}]},{\"@type\":\"ImageObject\",\"inLanguage\":\"tr\",\"@id\":\"https:\/\/www.asalsofa.com\/index.php\/product\/boss-koltuk-takimi\/#primaryimage\",\"url\":\"https:\/\/www.asalsofa.com\/wp-content\/uploads\/2024\/08\/BOSS-KOLTUK-TAKIMI-1.jpg\",\"contentUrl\":\"https:\/\/www.asalsofa.com\/wp-content\/uploads\/2024\/08\/BOSS-KOLTUK-TAKIMI-1.jpg\",\"width\":2527,\"height\":1685},{\"@type\":\"BreadcrumbList\",\"@id\":\"https:\/\/www.asalsofa.com\/index.php\/product\/boss-koltuk-takimi\/#breadcrumb\",\"itemListElement\":[{\"@type\":\"ListItem\",\"position\":1,\"name\":\"Anasayfa\",\"item\":\"https:\/\/www.asalsofa.com\/\"},{\"@type\":\"ListItem\",\"position\":2,\"name\":\"Ma\u011faza\",\"item\":\"https:\/\/www.asalsofa.com\/index.php\/magaza\/\"},{\"@type\":\"ListItem\",\"position\":3,\"name\":\"BOSS 3+3+1 KOLTUK TAKIMI\"}]},{\"@type\":\"WebSite\",\"@id\":\"https:\/\/www.asalsofa.com\/#website\",\"url\":\"https:\/\/www.asalsofa.com\/\",\"name\":\"ASAL SOFA\",\"description\":\"\u0130NEG\u00d6L MOB\u0130LYASI\",\"potentialAction\":[{\"@type\":\"SearchAction\",\"target\":{\"@type\":\"EntryPoint\",\"urlTemplate\":\"https:\/\/www.asalsofa.com\/?s={search_term_string}\"},\"query-input\":{\"@type\":\"PropertyValueSpecification\",\"valueRequired\":true,\"valueName\":\"search_term_string\"}}],\"inLanguage\":\"tr\"}]}<\/script>\n<!-- \/ Yoast SEO plugin. -->","yoast_head_json":{"title":"BOSS 3+3+1 KOLTUK TAKIMI - ASAL SOFA","robots":{"index":"index","follow":"follow","max-snippet":"max-snippet:-1","max-image-preview":"max-image-preview:large","max-video-preview":"max-video-preview:-1"},"canonical":"https:\/\/www.asalsofa.com\/index.php\/product\/boss-koltuk-takimi\/","og_locale":"tr_TR","og_type":"article","og_title":"BOSS 3+3+1 KOLTUK TAKIMI - ASAL SOFA","og_description":"\u00d6L\u00c7\u00dcLER;     MOD\u00dcLLER GEN\u0130\u015eL\u0130K DER\u0130NL\u0130K Y\u00dcKSEKL\u0130K   \u00dc\u00c7L\u00dc KOLTUK 222 cm 90 cm 75 cm   \u00dc\u00c7L\u00dc KOLTUK 222 cm 90 cm 75 cm   BERJER 70 cm 75 cm 85 cm    BOSS KOLTUK TAKIMI \u2013 \u0130NEG\u00d6L MOB\u0130LYASI\u00a0    Tak\u0131m \u0130\u00e7eri\u011fi -2adet \u00dc\u00e7l\u00fc Koltuk \/\/ \u2013 1 adet Berjer   \u0130skelet Malzemesi F\u0131r\u0131nlanm\u0131\u015f g\u00fcrgen a\u011fac\u0131   Yatak \u00d6zelli\u011fi Yatak olabiliyor   Oturum Yumu\u015fakl\u0131\u011f\u0131 Soft   Kuma\u015f \u00d6zelli\u011fi Nubuk kuma\u015f   \u00d6zel \u00d6l\u00e7\u00fc \u00d6zel \u00d6l\u00e7\u00fc yap\u0131lmamaktad\u0131r   Garanti S\u00fcresi 2 Y\u0131l   Teslimat Teslimat s\u00fcresi 25-30 g\u00fcnd\u00fcr.   Teslimat Ta\u015f\u0131ma ve kurulum i\u015flemi alan\u0131nda uzman ekibimiz taraf\u0131ndan yap\u0131lmaktad\u0131r   Detaylar i\u00e7in; 0505 409 27 25 numaral\u0131 WhatsApp ve M\u00fc\u015fteri destek hatt\u0131m\u0131zdan bizlere ula\u015fabilirsiniz","og_url":"https:\/\/www.asalsofa.com\/index.php\/product\/boss-koltuk-takimi\/","og_site_name":"ASAL SOFA","article_modified_time":"2026-02-23T06:27:44+00:00","og_image":[{"width":1024,"height":683,"url":"https:\/\/www.asalsofa.com\/wp-content\/uploads\/2024\/08\/BOSS-KOLTUK-TAKIMI-1-1024x683.jpg","type":"image\/jpeg"}],"twitter_card":"summary_large_image","twitter_misc":{"Tahmini okuma s\u00fcresi":"1 dakika"},"schema":{"@context":"https:\/\/schema.org","@graph":[{"@type":"WebPage","@id":"https:\/\/www.asalsofa.com\/index.php\/product\/boss-koltuk-takimi\/","url":"https:\/\/www.asalsofa.com\/index.php\/product\/boss-koltuk-takimi\/","name":"BOSS 3+3+1 KOLTUK TAKIMI - ASAL SOFA","isPartOf":{"@id":"https:\/\/www.asalsofa.com\/#website"},"primaryImageOfPage":{"@id":"https:\/\/www.asalsofa.com\/index.php\/product\/boss-koltuk-takimi\/#primaryimage"},"image":{"@id":"https:\/\/www.asalsofa.com\/index.php\/product\/boss-koltuk-takimi\/#primaryimage"},"thumbnailUrl":"https:\/\/www.asalsofa.com\/wp-content\/uploads\/2024\/08\/BOSS-KOLTUK-TAKIMI-1.jpg","datePublished":"2024-08-19T10:45:21+00:00","dateModified":"2026-02-23T06:27:44+00:00","breadcrumb":{"@id":"https:\/\/www.asalsofa.com\/index.php\/product\/boss-koltuk-takimi\/#breadcrumb"},"inLanguage":"tr","potentialAction":[{"@type":"ReadAction","target":["https:\/\/www.asalsofa.com\/index.php\/product\/boss-koltuk-takimi\/"]}]},{"@type":"ImageObject","inLanguage":"tr","@id":"https:\/\/www.asalsofa.com\/index.php\/product\/boss-koltuk-takimi\/#primaryimage","url":"https:\/\/www.asalsofa.com\/wp-content\/uploads\/2024\/08\/BOSS-KOLTUK-TAKIMI-1.jpg","contentUrl":"https:\/\/www.asalsofa.com\/wp-content\/uploads\/2024\/08\/BOSS-KOLTUK-TAKIMI-1.jpg","width":2527,"height":1685},{"@type":"BreadcrumbList","@id":"https:\/\/www.asalsofa.com\/index.php\/product\/boss-koltuk-takimi\/#breadcrumb","itemListElement":[{"@type":"ListItem","position":1,"name":"Anasayfa","item":"https:\/\/www.asalsofa.com\/"},{"@type":"ListItem","position":2,"name":"Ma\u011faza","item":"https:\/\/www.asalsofa.com\/index.php\/magaza\/"},{"@type":"ListItem","position":3,"name":"BOSS 3+3+1 KOLTUK TAKIMI"}]},{"@type":"WebSite","@id":"https:\/\/www.asalsofa.com\/#website","url":"https:\/\/www.asalsofa.com\/","name":"ASAL SOFA","description":"\u0130NEG\u00d6L MOB\u0130LYASI","potentialAction":[{"@type":"SearchAction","target":{"@type":"EntryPoint","urlTemplate":"https:\/\/www.asalsofa.com\/?s={search_term_string}"},"query-input":{"@type":"PropertyValueSpecification","valueRequired":true,"valueName":"search_term_string"}}],"inLanguage":"tr"}]}},"_links":{"self":[{"href":"https:\/\/www.asalsofa.com\/index.php\/wp-json\/wp\/v2\/product\/1051","targetHints":{"allow":["GET"]}}],"collection":[{"href":"https:\/\/www.asalsofa.com\/index.php\/wp-json\/wp\/v2\/product"}],"about":[{"href":"https:\/\/www.asalsofa.com\/index.php\/wp-json\/wp\/v2\/types\/product"}],"replies":[{"embeddable":true,"href":"https:\/\/www.asalsofa.com\/index.php\/wp-json\/wp\/v2\/comments?post=1051"}],"wp:featuredmedia":[{"embeddable":true,"href":"https:\/\/www.asalsofa.com\/index.php\/wp-json\/wp\/v2\/media\/1052"}],"wp:attachment":[{"href":"https:\/\/www.asalsofa.com\/index.php\/wp-json\/wp\/v2\/media?parent=1051"}],"wp:term":[{"taxonomy":"product_cat","embeddable":true,"href":"https:\/\/www.asalsofa.com\/index.php\/wp-json\/wp\/v2\/product_cat?post=1051"},{"taxonomy":"product_tag","embeddable":true,"href":"https:\/\/www.asalsofa.com\/index.php\/wp-json\/wp\/v2\/product_tag?post=1051"}],"curies":[{"name":"wp","href":"https:\/\/api.w.org\/{rel}","templated":true}]}}