{"id":1302,"date":"2024-10-11T14:09:42","date_gmt":"2024-10-11T14:09:42","guid":{"rendered":"https:\/\/www.asalsofa.com\/?post_type=product&#038;p=1302"},"modified":"2026-02-23T05:57:36","modified_gmt":"2026-02-23T05:57:36","slug":"zen-yemek-takimi","status":"publish","type":"product","link":"https:\/\/www.asalsofa.com\/index.php\/product\/zen-yemek-takimi\/","title":{"rendered":"ZEN YEMEK ODASI"},"content":{"rendered":"","protected":false},"excerpt":{"rendered":"<div class=\"vc_row wpb_row vc_row-fluid vc_custom_1685545186048 vc_row-has-fill vc_row-o-equal-height vc_row-o-content-top vc_row-flex wd-rs-647760d986ad4\">\n<div class=\"wpb_column vc_column_container vc_col-sm-12 vc_col-has-fill wd-rs-642c15916aa09\">\n<div class=\"vc_column-inner vc_custom_1680610708948\">\n<div class=\"wpb_wrapper\">\n<div id=\"wd-66aa1cac8773f\" class=\"title-wrapper wd-wpb set-mb-s reset-last-child wd-rs-66aa1cac8773f wd-title-color-primary wd-title-style-default text-left wd-underline-colored\">\n<div class=\"liner-continer\"><strong style=\"color: #1b1919; font-size: 18px;\">\u00d6L\u00c7\u00dcLER;<\/strong><\/div>\n<\/div>\n<div class=\"wd-single-short-desc wd-wpb wd-rs-63a31f9e9c3cc vc_custom_1671634853162 text-left\">\n<div class=\"woocommerce-product-details__short-description\">\n<div class=\"wd-single-short-desc wd-wpb wd-rs-63a31f9e9c3cc vc_custom_1671634853162 text-left\">\n<div class=\"woocommerce-product-details__short-description\">\n<div class=\"wd-single-short-desc wd-wpb wd-rs-63a31f9e9c3cc vc_custom_1671634853162 text-left\">\n<div class=\"woocommerce-product-details__short-description\">\n<div class=\"wd-single-short-desc wd-wpb wd-rs-63a31f9e9c3cc vc_custom_1671634853162 text-left\">\n<div class=\"woocommerce-product-details__short-description\">\n<table border=\"1\" width=\"431\" cellspacing=\"1\" cellpadding=\"1\">\n<tbody>\n<tr>\n<td><strong>MOD\u00dcLLER<\/strong><\/td>\n<td><strong>UZUNLUK<\/strong><\/td>\n<td><strong>DER\u0130NL\u0130K<\/strong><\/td>\n<td><strong>Y\u00dcKSEKL\u0130K<\/strong><\/td>\n<\/tr>\n<tr>\n<td>Konsol<\/td>\n<td>\u00a0208 cm<\/td>\n<td>45 cm<\/td>\n<td>85cm<\/td>\n<\/tr>\n<tr>\n<td>Masa<\/td>\n<td>\u00a0195cm<\/td>\n<td>90 cm<\/td>\n<td>77 cm<\/td>\n<\/tr>\n<\/tbody>\n<\/table>\n<h4 class=\"woodmart-title-container title wd-font-weight- wd-fontsize-l\"><strong>ZEN YEMEK ODASI \u2013 \u0130NEG\u00d6L MOB\u0130LYASI<\/strong><\/h4>\n<div id=\"wd-66aa1cac8773f\" class=\"title-wrapper wd-wpb set-mb-s reset-last-child wd-rs-66aa1cac8773f wd-title-color-primary wd-title-style-default text-left wd-underline-colored\">\n<div class=\"liner-continer\">\n<table class=\"table\">\n<tbody id=\"producttables\" class=\"desctab\">\n<tr>\n<td><strong>Tak\u0131m \u0130\u00e7eri\u011fi<\/strong><\/td>\n<td>-1 adet KONSOL + 1 adet MASA + 1 adet KONSOL AYNA + 6 adet SANDALYE<\/td>\n<\/tr>\n<tr>\n<td><strong>\u00dcr\u00fcn Hammaddesi<\/strong><\/td>\n<td>MDF<\/td>\n<\/tr>\n<tr>\n<td><strong>Yemek Masas\u0131<\/strong><\/td>\n<td>A\u00e7\u0131l\u0131r de\u011fil<\/td>\n<\/tr>\n<tr>\n<td><strong>\u00d6zel \u00d6l\u00e7\u00fc<\/strong><\/td>\n<td>\u00d6zel \u00d6l\u00e7\u00fc yap\u0131lmamaktad\u0131r.<\/td>\n<\/tr>\n<tr>\n<td><strong>Garanti S\u00fcresi<\/strong><\/td>\n<td>2 Y\u0131l<\/td>\n<\/tr>\n<tr>\n<td><strong>Teslimat<\/strong><\/td>\n<td>Teslimat s\u00fcresi 25-30 g\u00fcnd\u00fcr.<\/td>\n<\/tr>\n<tr>\n<td><strong>Teslimat<\/strong><\/td>\n<td>Ta\u015f\u0131ma ve kurulum i\u015flemi alan\u0131nda uzman ekibimiz taraf\u0131ndan yap\u0131lmaktad\u0131r.<\/td>\n<\/tr>\n<tr>\n<td><strong>Detaylar i\u00e7in;<\/strong><\/td>\n<td>0505 409 27 25 numaral\u0131 WhatsApp ve M\u00fc\u015fteri destek hatt\u0131m\u0131zdan bizlere ula\u015fabilirsiniz<\/td>\n<\/tr>\n<\/tbody>\n<\/table>\n<\/div>\n<\/div>\n<\/div>\n<\/div>\n<\/div>\n<\/div>\n<\/div>\n<\/div>\n<\/div>\n<\/div>\n<\/div>\n<\/div>\n<\/div>\n<\/div>\n<div class=\"vc_row wpb_row vc_row-fluid wd-rs-6436c0209ef8d\">\n<div class=\"wpb_column vc_column_container vc_col-sm-12 wd-rs-64776126f057e\">\n<div class=\"vc_column-inner vc_custom_1685545258225\">\n<div class=\"wpb_wrapper\"><\/div>\n<\/div>\n<\/div>\n<\/div>\n<div class=\"vc_row wpb_row vc_row-fluid vc_custom_1685545212297 vc_row-has-fill wd-rs-647760f4c1588\">\n<div class=\"wpb_column vc_column_container vc_col-sm-12 wd-rs-635154111accb\">\n<div class=\"vc_column-inner vc_custom_1666274326663\">\n<div class=\"wpb_wrapper\">\n<div id=\"wd-66b4eae8d8944\" class=\"title-wrapper wd-wpb set-mb-s reset-last-child wd-rs-66b4eae8d8944 wd-title-color-primary wd-title-style-default text-left wd-underline-colored\"><\/div>\n<\/div>\n<\/div>\n<\/div>\n<\/div>\n","protected":false},"featured_media":1279,"comment_status":"open","ping_status":"closed","template":"","meta":[],"product_cat":[80,25],"product_tag":[],"class_list":{"0":"post-1302","1":"product","2":"type-product","3":"status-publish","4":"has-post-thumbnail","6":"product_cat-modern-yemek-odalari","7":"product_cat-yemek-odasi-takimi","9":"first","10":"instock","11":"shipping-taxable","12":"product-type-simple"},"yoast_head":"<!-- This site is optimized with the Yoast SEO plugin v23.9 - https:\/\/yoast.com\/wordpress\/plugins\/seo\/ -->\n<title>ZEN YEMEK ODASI - ASAL SOFA<\/title>\n<meta name=\"robots\" content=\"index, follow, max-snippet:-1, max-image-preview:large, max-video-preview:-1\" \/>\n<link rel=\"canonical\" href=\"https:\/\/www.asalsofa.com\/index.php\/product\/zen-yemek-takimi\/\" \/>\n<meta property=\"og:locale\" content=\"tr_TR\" \/>\n<meta property=\"og:type\" content=\"article\" \/>\n<meta property=\"og:title\" content=\"ZEN YEMEK ODASI - ASAL SOFA\" \/>\n<meta property=\"og:description\" content=\"\u00d6L\u00c7\u00dcLER;             MOD\u00dcLLER UZUNLUK DER\u0130NL\u0130K Y\u00dcKSEKL\u0130K   Konsol \u00a0208 cm 45 cm 85cm   Masa \u00a0195cm 90 cm 77 cm    ZEN YEMEK ODASI \u2013 \u0130NEG\u00d6L MOB\u0130LYASI      Tak\u0131m \u0130\u00e7eri\u011fi -1 adet KONSOL + 1 adet MASA + 1 adet KONSOL AYNA + 6 adet SANDALYE   \u00dcr\u00fcn Hammaddesi MDF   Yemek Masas\u0131 A\u00e7\u0131l\u0131r de\u011fil   \u00d6zel \u00d6l\u00e7\u00fc \u00d6zel \u00d6l\u00e7\u00fc yap\u0131lmamaktad\u0131r.   Garanti S\u00fcresi 2 Y\u0131l   Teslimat Teslimat s\u00fcresi 25-30 g\u00fcnd\u00fcr.   Teslimat Ta\u015f\u0131ma ve kurulum i\u015flemi alan\u0131nda uzman ekibimiz taraf\u0131ndan yap\u0131lmaktad\u0131r.   Detaylar i\u00e7in; 0505 409 27 25 numaral\u0131 WhatsApp ve M\u00fc\u015fteri destek hatt\u0131m\u0131zdan bizlere ula\u015fabilirsiniz\" \/>\n<meta property=\"og:url\" content=\"https:\/\/www.asalsofa.com\/index.php\/product\/zen-yemek-takimi\/\" \/>\n<meta property=\"og:site_name\" content=\"ASAL SOFA\" \/>\n<meta property=\"article:modified_time\" content=\"2026-02-23T05:57:36+00:00\" \/>\n<meta property=\"og:image\" content=\"https:\/\/www.asalsofa.com\/wp-content\/uploads\/2024\/10\/ZEN-YEMEK-ODASI-1.jpg\" \/>\n\t<meta property=\"og:image:width\" content=\"1584\" \/>\n\t<meta property=\"og:image:height\" content=\"1056\" \/>\n\t<meta property=\"og:image:type\" content=\"image\/jpeg\" \/>\n<meta name=\"twitter:card\" content=\"summary_large_image\" \/>\n<meta name=\"twitter:label1\" content=\"Tahmini okuma s\u00fcresi\" \/>\n\t<meta name=\"twitter:data1\" content=\"1 dakika\" \/>\n<script type=\"application\/ld+json\" class=\"yoast-schema-graph\">{\"@context\":\"https:\/\/schema.org\",\"@graph\":[{\"@type\":\"WebPage\",\"@id\":\"https:\/\/www.asalsofa.com\/index.php\/product\/zen-yemek-takimi\/\",\"url\":\"https:\/\/www.asalsofa.com\/index.php\/product\/zen-yemek-takimi\/\",\"name\":\"ZEN YEMEK ODASI - ASAL SOFA\",\"isPartOf\":{\"@id\":\"https:\/\/www.asalsofa.com\/#website\"},\"primaryImageOfPage\":{\"@id\":\"https:\/\/www.asalsofa.com\/index.php\/product\/zen-yemek-takimi\/#primaryimage\"},\"image\":{\"@id\":\"https:\/\/www.asalsofa.com\/index.php\/product\/zen-yemek-takimi\/#primaryimage\"},\"thumbnailUrl\":\"https:\/\/www.asalsofa.com\/wp-content\/uploads\/2024\/10\/ZEN-YEMEK-ODASI-1.jpg\",\"datePublished\":\"2024-10-11T14:09:42+00:00\",\"dateModified\":\"2026-02-23T05:57:36+00:00\",\"breadcrumb\":{\"@id\":\"https:\/\/www.asalsofa.com\/index.php\/product\/zen-yemek-takimi\/#breadcrumb\"},\"inLanguage\":\"tr\",\"potentialAction\":[{\"@type\":\"ReadAction\",\"target\":[\"https:\/\/www.asalsofa.com\/index.php\/product\/zen-yemek-takimi\/\"]}]},{\"@type\":\"ImageObject\",\"inLanguage\":\"tr\",\"@id\":\"https:\/\/www.asalsofa.com\/index.php\/product\/zen-yemek-takimi\/#primaryimage\",\"url\":\"https:\/\/www.asalsofa.com\/wp-content\/uploads\/2024\/10\/ZEN-YEMEK-ODASI-1.jpg\",\"contentUrl\":\"https:\/\/www.asalsofa.com\/wp-content\/uploads\/2024\/10\/ZEN-YEMEK-ODASI-1.jpg\",\"width\":1584,\"height\":1056},{\"@type\":\"BreadcrumbList\",\"@id\":\"https:\/\/www.asalsofa.com\/index.php\/product\/zen-yemek-takimi\/#breadcrumb\",\"itemListElement\":[{\"@type\":\"ListItem\",\"position\":1,\"name\":\"Anasayfa\",\"item\":\"https:\/\/www.asalsofa.com\/\"},{\"@type\":\"ListItem\",\"position\":2,\"name\":\"Ma\u011faza\",\"item\":\"https:\/\/www.asalsofa.com\/index.php\/magaza\/\"},{\"@type\":\"ListItem\",\"position\":3,\"name\":\"ZEN YEMEK ODASI\"}]},{\"@type\":\"WebSite\",\"@id\":\"https:\/\/www.asalsofa.com\/#website\",\"url\":\"https:\/\/www.asalsofa.com\/\",\"name\":\"ASAL SOFA\",\"description\":\"\u0130NEG\u00d6L MOB\u0130LYASI\",\"potentialAction\":[{\"@type\":\"SearchAction\",\"target\":{\"@type\":\"EntryPoint\",\"urlTemplate\":\"https:\/\/www.asalsofa.com\/?s={search_term_string}\"},\"query-input\":{\"@type\":\"PropertyValueSpecification\",\"valueRequired\":true,\"valueName\":\"search_term_string\"}}],\"inLanguage\":\"tr\"}]}<\/script>\n<!-- \/ Yoast SEO plugin. -->","yoast_head_json":{"title":"ZEN YEMEK ODASI - ASAL SOFA","robots":{"index":"index","follow":"follow","max-snippet":"max-snippet:-1","max-image-preview":"max-image-preview:large","max-video-preview":"max-video-preview:-1"},"canonical":"https:\/\/www.asalsofa.com\/index.php\/product\/zen-yemek-takimi\/","og_locale":"tr_TR","og_type":"article","og_title":"ZEN YEMEK ODASI - ASAL SOFA","og_description":"\u00d6L\u00c7\u00dcLER;             MOD\u00dcLLER UZUNLUK DER\u0130NL\u0130K Y\u00dcKSEKL\u0130K   Konsol \u00a0208 cm 45 cm 85cm   Masa \u00a0195cm 90 cm 77 cm    ZEN YEMEK ODASI \u2013 \u0130NEG\u00d6L MOB\u0130LYASI      Tak\u0131m \u0130\u00e7eri\u011fi -1 adet KONSOL + 1 adet MASA + 1 adet KONSOL AYNA + 6 adet SANDALYE   \u00dcr\u00fcn Hammaddesi MDF   Yemek Masas\u0131 A\u00e7\u0131l\u0131r de\u011fil   \u00d6zel \u00d6l\u00e7\u00fc \u00d6zel \u00d6l\u00e7\u00fc yap\u0131lmamaktad\u0131r.   Garanti S\u00fcresi 2 Y\u0131l   Teslimat Teslimat s\u00fcresi 25-30 g\u00fcnd\u00fcr.   Teslimat Ta\u015f\u0131ma ve kurulum i\u015flemi alan\u0131nda uzman ekibimiz taraf\u0131ndan yap\u0131lmaktad\u0131r.   Detaylar i\u00e7in; 0505 409 27 25 numaral\u0131 WhatsApp ve M\u00fc\u015fteri destek hatt\u0131m\u0131zdan bizlere ula\u015fabilirsiniz","og_url":"https:\/\/www.asalsofa.com\/index.php\/product\/zen-yemek-takimi\/","og_site_name":"ASAL SOFA","article_modified_time":"2026-02-23T05:57:36+00:00","og_image":[{"width":1584,"height":1056,"url":"https:\/\/www.asalsofa.com\/wp-content\/uploads\/2024\/10\/ZEN-YEMEK-ODASI-1.jpg","type":"image\/jpeg"}],"twitter_card":"summary_large_image","twitter_misc":{"Tahmini okuma s\u00fcresi":"1 dakika"},"schema":{"@context":"https:\/\/schema.org","@graph":[{"@type":"WebPage","@id":"https:\/\/www.asalsofa.com\/index.php\/product\/zen-yemek-takimi\/","url":"https:\/\/www.asalsofa.com\/index.php\/product\/zen-yemek-takimi\/","name":"ZEN YEMEK ODASI - ASAL SOFA","isPartOf":{"@id":"https:\/\/www.asalsofa.com\/#website"},"primaryImageOfPage":{"@id":"https:\/\/www.asalsofa.com\/index.php\/product\/zen-yemek-takimi\/#primaryimage"},"image":{"@id":"https:\/\/www.asalsofa.com\/index.php\/product\/zen-yemek-takimi\/#primaryimage"},"thumbnailUrl":"https:\/\/www.asalsofa.com\/wp-content\/uploads\/2024\/10\/ZEN-YEMEK-ODASI-1.jpg","datePublished":"2024-10-11T14:09:42+00:00","dateModified":"2026-02-23T05:57:36+00:00","breadcrumb":{"@id":"https:\/\/www.asalsofa.com\/index.php\/product\/zen-yemek-takimi\/#breadcrumb"},"inLanguage":"tr","potentialAction":[{"@type":"ReadAction","target":["https:\/\/www.asalsofa.com\/index.php\/product\/zen-yemek-takimi\/"]}]},{"@type":"ImageObject","inLanguage":"tr","@id":"https:\/\/www.asalsofa.com\/index.php\/product\/zen-yemek-takimi\/#primaryimage","url":"https:\/\/www.asalsofa.com\/wp-content\/uploads\/2024\/10\/ZEN-YEMEK-ODASI-1.jpg","contentUrl":"https:\/\/www.asalsofa.com\/wp-content\/uploads\/2024\/10\/ZEN-YEMEK-ODASI-1.jpg","width":1584,"height":1056},{"@type":"BreadcrumbList","@id":"https:\/\/www.asalsofa.com\/index.php\/product\/zen-yemek-takimi\/#breadcrumb","itemListElement":[{"@type":"ListItem","position":1,"name":"Anasayfa","item":"https:\/\/www.asalsofa.com\/"},{"@type":"ListItem","position":2,"name":"Ma\u011faza","item":"https:\/\/www.asalsofa.com\/index.php\/magaza\/"},{"@type":"ListItem","position":3,"name":"ZEN YEMEK ODASI"}]},{"@type":"WebSite","@id":"https:\/\/www.asalsofa.com\/#website","url":"https:\/\/www.asalsofa.com\/","name":"ASAL SOFA","description":"\u0130NEG\u00d6L MOB\u0130LYASI","potentialAction":[{"@type":"SearchAction","target":{"@type":"EntryPoint","urlTemplate":"https:\/\/www.asalsofa.com\/?s={search_term_string}"},"query-input":{"@type":"PropertyValueSpecification","valueRequired":true,"valueName":"search_term_string"}}],"inLanguage":"tr"}]}},"_links":{"self":[{"href":"https:\/\/www.asalsofa.com\/index.php\/wp-json\/wp\/v2\/product\/1302","targetHints":{"allow":["GET"]}}],"collection":[{"href":"https:\/\/www.asalsofa.com\/index.php\/wp-json\/wp\/v2\/product"}],"about":[{"href":"https:\/\/www.asalsofa.com\/index.php\/wp-json\/wp\/v2\/types\/product"}],"replies":[{"embeddable":true,"href":"https:\/\/www.asalsofa.com\/index.php\/wp-json\/wp\/v2\/comments?post=1302"}],"wp:featuredmedia":[{"embeddable":true,"href":"https:\/\/www.asalsofa.com\/index.php\/wp-json\/wp\/v2\/media\/1279"}],"wp:attachment":[{"href":"https:\/\/www.asalsofa.com\/index.php\/wp-json\/wp\/v2\/media?parent=1302"}],"wp:term":[{"taxonomy":"product_cat","embeddable":true,"href":"https:\/\/www.asalsofa.com\/index.php\/wp-json\/wp\/v2\/product_cat?post=1302"},{"taxonomy":"product_tag","embeddable":true,"href":"https:\/\/www.asalsofa.com\/index.php\/wp-json\/wp\/v2\/product_tag?post=1302"}],"curies":[{"name":"wp","href":"https:\/\/api.w.org\/{rel}","templated":true}]}}