{"id":2572,"date":"2025-10-20T11:00:29","date_gmt":"2025-10-20T11:00:29","guid":{"rendered":"https:\/\/www.asalsofa.com\/?post_type=product&#038;p=2572"},"modified":"2026-02-23T06:11:49","modified_gmt":"2026-02-23T06:11:49","slug":"lena-relax-kose","status":"publish","type":"product","link":"https:\/\/www.asalsofa.com\/index.php\/product\/lena-relax-kose\/","title":{"rendered":"LENA RELAX K\u00d6\u015eE KOLTUK"},"content":{"rendered":"","protected":false},"excerpt":{"rendered":"<h4><strong>\u00d6L\u00c7\u00dcLER;<\/strong><\/h4>\n<table style=\"height: 119px;\" border=\"1\" width=\"431\" cellspacing=\"1\" cellpadding=\"1\">\n<tbody>\n<tr>\n<td><strong>MOD\u00dcLLER<\/strong><\/td>\n<td><strong>GEN\u0130\u015eL\u0130K<\/strong><\/td>\n<td><strong>DER\u0130NL\u0130K<\/strong><\/td>\n<td><strong>Y\u00dcKSEKL\u0130K<\/strong><\/td>\n<\/tr>\n<tr>\n<td>K\u00d6\u015eE<\/td>\n<td>105 cm<\/td>\n<td>105 cm<\/td>\n<td>\u00a0cm<\/td>\n<\/tr>\n<tr>\n<td>KOLLU<\/td>\n<td>115 cm<\/td>\n<td>90 cm<\/td>\n<td>\u00a0cm<\/td>\n<\/tr>\n<tr>\n<td>70 L\u0130K<\/td>\n<td>70 cm<\/td>\n<td>90cm<\/td>\n<td>\u00a0cm<\/td>\n<\/tr>\n<tr>\n<td>85 L\u0130K<\/td>\n<td>85 cm<\/td>\n<td>90cm<\/td>\n<td>\u00a0cm<\/td>\n<\/tr>\n<tr>\n<td>D\u0130NLENME<\/td>\n<td>105 cm<\/td>\n<td>170 cm<\/td>\n<td>\u00a0cm<\/td>\n<\/tr>\n<\/tbody>\n<\/table>\n<h4><strong>\u00a0<\/strong><\/h4>\n<h4><strong>LENA RELAX K\u00d6\u015eE KOLTUK\u2013 <\/strong><strong>\u0130NEG\u00d6L MOB\u0130LYASI\u00a0<\/strong><\/h4>\n<table class=\"table\">\n<tbody id=\"producttables\" class=\"desctab\">\n<tr>\n<td><strong>Tak\u0131m \u0130\u00e7eri\u011fi<\/strong><\/td>\n<td>&#8211; 1 adet 115&#8217;L\u0130K KOLLU MOD\u00dcL \/\/ -1adet 70&#8217;L\u0130K MOD\u00dcL \/\/ -1 adet D\u0130NLENME MOD\u00dcL\u00dc \/\/-(sehpa mod\u00fclleri fiyata dahil de\u011fildir)<\/td>\n<\/tr>\n<tr>\n<td><b>\u0130skelet Malzemesi<\/b><\/td>\n<td>TAMAMEN KONTRA \u0130SKELET S\u0130STEM\u0130NE SAH\u0130P<\/td>\n<\/tr>\n<tr>\n<td><b>Ayak Malzemesi<\/b><\/td>\n<td>Ah\u015fap ayak<\/td>\n<\/tr>\n<tr>\n<td><b>Yatak \u00d6zelli\u011fi<\/b><\/td>\n<td>Yatak olabiliyor<\/td>\n<\/tr>\n<tr>\n<td><b>Oturum Yumu\u015fakl\u0131\u011f\u0131<\/b><\/td>\n<td>Ekstra Soft<\/td>\n<\/tr>\n<tr>\n<td><b>Kuma\u015f \u00d6zelli\u011fi<\/b><\/td>\n<td>Silinebilir kuma\u015f<\/td>\n<\/tr>\n<tr>\n<td><strong>\u00d6zel \u00d6l\u00e7\u00fc<\/strong><\/td>\n<td>K\u00f6\u015fe koltu\u011fumuza istedi\u011finiz kadar mod\u00fcl eklenip \u00e7\u0131kart\u0131labilir.<\/td>\n<\/tr>\n<tr>\n<td><strong>Garanti S\u00fcresi<\/strong><\/td>\n<td>2 Y\u0131l<\/td>\n<\/tr>\n<tr>\n<td><strong>Teslimat<\/strong><\/td>\n<td>Teslimat s\u00fcresi 25-30 g\u00fcnd\u00fcr.<\/td>\n<\/tr>\n<tr>\n<td><strong>Teslimat<\/strong><\/td>\n<td>Ta\u015f\u0131ma ve kurulum i\u015flemi alan\u0131nda uzman ekibimiz taraf\u0131ndan yap\u0131lmaktad\u0131r<\/td>\n<\/tr>\n<tr>\n<td><strong>Detaylar i\u00e7in;<\/strong><\/td>\n<td>0505 409 27 25 numaral\u0131 WhatsApp ve M\u00fc\u015fteri destek hatt\u0131m\u0131zdan bizlere ula\u015fabilirsiniz<\/td>\n<\/tr>\n<\/tbody>\n<\/table>\n","protected":false},"featured_media":2574,"comment_status":"open","ping_status":"closed","template":"","meta":[],"product_cat":[24,72],"product_tag":[],"class_list":{"0":"post-2572","1":"product","2":"type-product","3":"status-publish","4":"has-post-thumbnail","6":"product_cat-koltuk-takimlari","7":"product_cat-kose-koltuk-takimlari","9":"first","10":"instock","11":"shipping-taxable","12":"product-type-simple"},"yoast_head":"<!-- This site is optimized with the Yoast SEO plugin v23.9 - https:\/\/yoast.com\/wordpress\/plugins\/seo\/ -->\n<title>LENA RELAX K\u00d6\u015eE KOLTUK - ASAL SOFA<\/title>\n<meta name=\"robots\" content=\"index, follow, max-snippet:-1, max-image-preview:large, max-video-preview:-1\" \/>\n<link rel=\"canonical\" href=\"https:\/\/www.asalsofa.com\/index.php\/product\/lena-relax-kose\/\" \/>\n<meta property=\"og:locale\" content=\"tr_TR\" \/>\n<meta property=\"og:type\" content=\"article\" \/>\n<meta property=\"og:title\" content=\"LENA RELAX K\u00d6\u015eE KOLTUK - ASAL SOFA\" \/>\n<meta property=\"og:description\" content=\"\u00d6L\u00c7\u00dcLER;    MOD\u00dcLLER GEN\u0130\u015eL\u0130K DER\u0130NL\u0130K Y\u00dcKSEKL\u0130K   K\u00d6\u015eE 105 cm 105 cm \u00a0cm   KOLLU 115 cm 90 cm \u00a0cm   70 L\u0130K 70 cm 90cm \u00a0cm   85 L\u0130K 85 cm 90cm \u00a0cm   D\u0130NLENME 105 cm 170 cm \u00a0cm    \u00a0 LENA RELAX K\u00d6\u015eE KOLTUK\u2013 \u0130NEG\u00d6L MOB\u0130LYASI\u00a0    Tak\u0131m \u0130\u00e7eri\u011fi - 1 adet 115&#039;L\u0130K KOLLU MOD\u00dcL \/\/ -1adet 70&#039;L\u0130K MOD\u00dcL \/\/ -1 adet D\u0130NLENME MOD\u00dcL\u00dc \/\/-(sehpa mod\u00fclleri fiyata dahil de\u011fildir)   \u0130skelet Malzemesi TAMAMEN KONTRA \u0130SKELET S\u0130STEM\u0130NE SAH\u0130P   Ayak Malzemesi Ah\u015fap ayak   Yatak \u00d6zelli\u011fi Yatak olabiliyor   Oturum Yumu\u015fakl\u0131\u011f\u0131 Ekstra Soft   Kuma\u015f \u00d6zelli\u011fi Silinebilir kuma\u015f   \u00d6zel \u00d6l\u00e7\u00fc K\u00f6\u015fe koltu\u011fumuza istedi\u011finiz kadar mod\u00fcl eklenip \u00e7\u0131kart\u0131labilir.   Garanti S\u00fcresi 2 Y\u0131l   Teslimat Teslimat s\u00fcresi 25-30 g\u00fcnd\u00fcr.   Teslimat Ta\u015f\u0131ma ve kurulum i\u015flemi alan\u0131nda uzman ekibimiz taraf\u0131ndan yap\u0131lmaktad\u0131r   Detaylar i\u00e7in; 0505 409 27 25 numaral\u0131 WhatsApp ve M\u00fc\u015fteri destek hatt\u0131m\u0131zdan bizlere ula\u015fabilirsiniz\" \/>\n<meta property=\"og:url\" content=\"https:\/\/www.asalsofa.com\/index.php\/product\/lena-relax-kose\/\" \/>\n<meta property=\"og:site_name\" content=\"ASAL SOFA\" \/>\n<meta property=\"article:modified_time\" content=\"2026-02-23T06:11:49+00:00\" \/>\n<meta property=\"og:image\" content=\"https:\/\/www.asalsofa.com\/wp-content\/uploads\/2025\/10\/KSF00191-scaled.jpg\" \/>\n\t<meta property=\"og:image:width\" content=\"2560\" \/>\n\t<meta property=\"og:image:height\" content=\"1705\" \/>\n\t<meta property=\"og:image:type\" content=\"image\/jpeg\" \/>\n<meta name=\"twitter:card\" content=\"summary_large_image\" \/>\n<meta name=\"twitter:label1\" content=\"Tahmini okuma s\u00fcresi\" \/>\n\t<meta name=\"twitter:data1\" content=\"1 dakika\" \/>\n<script type=\"application\/ld+json\" class=\"yoast-schema-graph\">{\"@context\":\"https:\/\/schema.org\",\"@graph\":[{\"@type\":\"WebPage\",\"@id\":\"https:\/\/www.asalsofa.com\/index.php\/product\/lena-relax-kose\/\",\"url\":\"https:\/\/www.asalsofa.com\/index.php\/product\/lena-relax-kose\/\",\"name\":\"LENA RELAX K\u00d6\u015eE KOLTUK - ASAL SOFA\",\"isPartOf\":{\"@id\":\"https:\/\/www.asalsofa.com\/#website\"},\"primaryImageOfPage\":{\"@id\":\"https:\/\/www.asalsofa.com\/index.php\/product\/lena-relax-kose\/#primaryimage\"},\"image\":{\"@id\":\"https:\/\/www.asalsofa.com\/index.php\/product\/lena-relax-kose\/#primaryimage\"},\"thumbnailUrl\":\"https:\/\/www.asalsofa.com\/wp-content\/uploads\/2025\/10\/KSF00191-scaled.jpg\",\"datePublished\":\"2025-10-20T11:00:29+00:00\",\"dateModified\":\"2026-02-23T06:11:49+00:00\",\"breadcrumb\":{\"@id\":\"https:\/\/www.asalsofa.com\/index.php\/product\/lena-relax-kose\/#breadcrumb\"},\"inLanguage\":\"tr\",\"potentialAction\":[{\"@type\":\"ReadAction\",\"target\":[\"https:\/\/www.asalsofa.com\/index.php\/product\/lena-relax-kose\/\"]}]},{\"@type\":\"ImageObject\",\"inLanguage\":\"tr\",\"@id\":\"https:\/\/www.asalsofa.com\/index.php\/product\/lena-relax-kose\/#primaryimage\",\"url\":\"https:\/\/www.asalsofa.com\/wp-content\/uploads\/2025\/10\/KSF00191-scaled.jpg\",\"contentUrl\":\"https:\/\/www.asalsofa.com\/wp-content\/uploads\/2025\/10\/KSF00191-scaled.jpg\",\"width\":2560,\"height\":1705},{\"@type\":\"BreadcrumbList\",\"@id\":\"https:\/\/www.asalsofa.com\/index.php\/product\/lena-relax-kose\/#breadcrumb\",\"itemListElement\":[{\"@type\":\"ListItem\",\"position\":1,\"name\":\"Anasayfa\",\"item\":\"https:\/\/www.asalsofa.com\/\"},{\"@type\":\"ListItem\",\"position\":2,\"name\":\"Ma\u011faza\",\"item\":\"https:\/\/www.asalsofa.com\/index.php\/magaza\/\"},{\"@type\":\"ListItem\",\"position\":3,\"name\":\"LENA RELAX K\u00d6\u015eE KOLTUK\"}]},{\"@type\":\"WebSite\",\"@id\":\"https:\/\/www.asalsofa.com\/#website\",\"url\":\"https:\/\/www.asalsofa.com\/\",\"name\":\"ASAL SOFA\",\"description\":\"\u0130NEG\u00d6L MOB\u0130LYASI\",\"potentialAction\":[{\"@type\":\"SearchAction\",\"target\":{\"@type\":\"EntryPoint\",\"urlTemplate\":\"https:\/\/www.asalsofa.com\/?s={search_term_string}\"},\"query-input\":{\"@type\":\"PropertyValueSpecification\",\"valueRequired\":true,\"valueName\":\"search_term_string\"}}],\"inLanguage\":\"tr\"}]}<\/script>\n<!-- \/ Yoast SEO plugin. -->","yoast_head_json":{"title":"LENA RELAX K\u00d6\u015eE KOLTUK - ASAL SOFA","robots":{"index":"index","follow":"follow","max-snippet":"max-snippet:-1","max-image-preview":"max-image-preview:large","max-video-preview":"max-video-preview:-1"},"canonical":"https:\/\/www.asalsofa.com\/index.php\/product\/lena-relax-kose\/","og_locale":"tr_TR","og_type":"article","og_title":"LENA RELAX K\u00d6\u015eE KOLTUK - ASAL SOFA","og_description":"\u00d6L\u00c7\u00dcLER;    MOD\u00dcLLER GEN\u0130\u015eL\u0130K DER\u0130NL\u0130K Y\u00dcKSEKL\u0130K   K\u00d6\u015eE 105 cm 105 cm \u00a0cm   KOLLU 115 cm 90 cm \u00a0cm   70 L\u0130K 70 cm 90cm \u00a0cm   85 L\u0130K 85 cm 90cm \u00a0cm   D\u0130NLENME 105 cm 170 cm \u00a0cm    \u00a0 LENA RELAX K\u00d6\u015eE KOLTUK\u2013 \u0130NEG\u00d6L MOB\u0130LYASI\u00a0    Tak\u0131m \u0130\u00e7eri\u011fi - 1 adet 115'L\u0130K KOLLU MOD\u00dcL \/\/ -1adet 70'L\u0130K MOD\u00dcL \/\/ -1 adet D\u0130NLENME MOD\u00dcL\u00dc \/\/-(sehpa mod\u00fclleri fiyata dahil de\u011fildir)   \u0130skelet Malzemesi TAMAMEN KONTRA \u0130SKELET S\u0130STEM\u0130NE SAH\u0130P   Ayak Malzemesi Ah\u015fap ayak   Yatak \u00d6zelli\u011fi Yatak olabiliyor   Oturum Yumu\u015fakl\u0131\u011f\u0131 Ekstra Soft   Kuma\u015f \u00d6zelli\u011fi Silinebilir kuma\u015f   \u00d6zel \u00d6l\u00e7\u00fc K\u00f6\u015fe koltu\u011fumuza istedi\u011finiz kadar mod\u00fcl eklenip \u00e7\u0131kart\u0131labilir.   Garanti S\u00fcresi 2 Y\u0131l   Teslimat Teslimat s\u00fcresi 25-30 g\u00fcnd\u00fcr.   Teslimat Ta\u015f\u0131ma ve kurulum i\u015flemi alan\u0131nda uzman ekibimiz taraf\u0131ndan yap\u0131lmaktad\u0131r   Detaylar i\u00e7in; 0505 409 27 25 numaral\u0131 WhatsApp ve M\u00fc\u015fteri destek hatt\u0131m\u0131zdan bizlere ula\u015fabilirsiniz","og_url":"https:\/\/www.asalsofa.com\/index.php\/product\/lena-relax-kose\/","og_site_name":"ASAL SOFA","article_modified_time":"2026-02-23T06:11:49+00:00","og_image":[{"width":2560,"height":1705,"url":"https:\/\/www.asalsofa.com\/wp-content\/uploads\/2025\/10\/KSF00191-scaled.jpg","type":"image\/jpeg"}],"twitter_card":"summary_large_image","twitter_misc":{"Tahmini okuma s\u00fcresi":"1 dakika"},"schema":{"@context":"https:\/\/schema.org","@graph":[{"@type":"WebPage","@id":"https:\/\/www.asalsofa.com\/index.php\/product\/lena-relax-kose\/","url":"https:\/\/www.asalsofa.com\/index.php\/product\/lena-relax-kose\/","name":"LENA RELAX K\u00d6\u015eE KOLTUK - ASAL SOFA","isPartOf":{"@id":"https:\/\/www.asalsofa.com\/#website"},"primaryImageOfPage":{"@id":"https:\/\/www.asalsofa.com\/index.php\/product\/lena-relax-kose\/#primaryimage"},"image":{"@id":"https:\/\/www.asalsofa.com\/index.php\/product\/lena-relax-kose\/#primaryimage"},"thumbnailUrl":"https:\/\/www.asalsofa.com\/wp-content\/uploads\/2025\/10\/KSF00191-scaled.jpg","datePublished":"2025-10-20T11:00:29+00:00","dateModified":"2026-02-23T06:11:49+00:00","breadcrumb":{"@id":"https:\/\/www.asalsofa.com\/index.php\/product\/lena-relax-kose\/#breadcrumb"},"inLanguage":"tr","potentialAction":[{"@type":"ReadAction","target":["https:\/\/www.asalsofa.com\/index.php\/product\/lena-relax-kose\/"]}]},{"@type":"ImageObject","inLanguage":"tr","@id":"https:\/\/www.asalsofa.com\/index.php\/product\/lena-relax-kose\/#primaryimage","url":"https:\/\/www.asalsofa.com\/wp-content\/uploads\/2025\/10\/KSF00191-scaled.jpg","contentUrl":"https:\/\/www.asalsofa.com\/wp-content\/uploads\/2025\/10\/KSF00191-scaled.jpg","width":2560,"height":1705},{"@type":"BreadcrumbList","@id":"https:\/\/www.asalsofa.com\/index.php\/product\/lena-relax-kose\/#breadcrumb","itemListElement":[{"@type":"ListItem","position":1,"name":"Anasayfa","item":"https:\/\/www.asalsofa.com\/"},{"@type":"ListItem","position":2,"name":"Ma\u011faza","item":"https:\/\/www.asalsofa.com\/index.php\/magaza\/"},{"@type":"ListItem","position":3,"name":"LENA RELAX K\u00d6\u015eE KOLTUK"}]},{"@type":"WebSite","@id":"https:\/\/www.asalsofa.com\/#website","url":"https:\/\/www.asalsofa.com\/","name":"ASAL SOFA","description":"\u0130NEG\u00d6L MOB\u0130LYASI","potentialAction":[{"@type":"SearchAction","target":{"@type":"EntryPoint","urlTemplate":"https:\/\/www.asalsofa.com\/?s={search_term_string}"},"query-input":{"@type":"PropertyValueSpecification","valueRequired":true,"valueName":"search_term_string"}}],"inLanguage":"tr"}]}},"_links":{"self":[{"href":"https:\/\/www.asalsofa.com\/index.php\/wp-json\/wp\/v2\/product\/2572","targetHints":{"allow":["GET"]}}],"collection":[{"href":"https:\/\/www.asalsofa.com\/index.php\/wp-json\/wp\/v2\/product"}],"about":[{"href":"https:\/\/www.asalsofa.com\/index.php\/wp-json\/wp\/v2\/types\/product"}],"replies":[{"embeddable":true,"href":"https:\/\/www.asalsofa.com\/index.php\/wp-json\/wp\/v2\/comments?post=2572"}],"wp:featuredmedia":[{"embeddable":true,"href":"https:\/\/www.asalsofa.com\/index.php\/wp-json\/wp\/v2\/media\/2574"}],"wp:attachment":[{"href":"https:\/\/www.asalsofa.com\/index.php\/wp-json\/wp\/v2\/media?parent=2572"}],"wp:term":[{"taxonomy":"product_cat","embeddable":true,"href":"https:\/\/www.asalsofa.com\/index.php\/wp-json\/wp\/v2\/product_cat?post=2572"},{"taxonomy":"product_tag","embeddable":true,"href":"https:\/\/www.asalsofa.com\/index.php\/wp-json\/wp\/v2\/product_tag?post=2572"}],"curies":[{"name":"wp","href":"https:\/\/api.w.org\/{rel}","templated":true}]}}